{"id":172,"date":"2025-08-17T03:14:08","date_gmt":"2025-08-17T07:14:08","guid":{"rendered":"https:\/\/Jblucien.com\/?page_id=172"},"modified":"2025-08-17T03:19:21","modified_gmt":"2025-08-17T07:19:21","slug":"ministere-evangile-du-royaume","status":"publish","type":"page","link":"https:\/\/Jblucien.com\/?page_id=172","title":{"rendered":"MINIST\u00c8RE EVANGILE DU ROYAUME"},"content":{"rendered":"\n<p>Notre Mission selon Matthieu 24:14!<\/p>\n\n\n\n<p>Cette bonne nouvelle du royaume sera pr\u00each\u00e9e dans le monde entier pour servir de t\u00e9moignage \u00e0 toutes les nations. Alors viendra la fin.<\/p>\n\n\n\n<p>Notre mission est de r\u00e9pondre \u00e0 cet appel proph\u00e9tique de J\u00e9sus-Christ: annoncer la Bonne Nouvelle du Royaume \u00e0 toutes les nations. Nous croyons que l\u2019\u00c9vangile n\u2019est pas seulement un message, mais une puissance de transformation, un t\u00e9moignage vivant que Dieu veut r\u00e9pandre jusqu\u2019aux extr\u00e9mit\u00e9s de la terre y compris sur Internet. \u00c0 travers ce site, nous voulons: Proclamer la v\u00e9rit\u00e9 de l\u2019\u00c9vangile, sans compromis, Pr\u00e9parer les c\u0153urs \u00e0 la venue du Seigneur, Utiliser les outils num\u00e9riques pour toucher des \u00e2mes partout dans le monde, Servir de t\u00e9moignage vivant \u00e0 ceux qui cherchent la lumi\u00e8re, la paix et le salut..<\/p>\n\n\n\n<p>JBLUCIEN s\u2019inscrit dans cette mission universelle: \u00eatre un instrument entre les mains de Dieu pour contribuer \u00e0 l\u2019accomplissement de Matthieu 24:14. Afin que chaque nation entende, et que chaque c\u0153ur ait une chance de conna\u00eetre J\u00e9sus avant la fin.<\/p>\n","protected":false},"excerpt":{"rendered":"<p>Notre Mission selon Matthieu 24:14! Cette bonne nouvelle du royaume sera pr\u00each\u00e9e dans le monde entier pour servir de t\u00e9moignage \u00e0 toutes les nations. Alors viendra la fin. Notre mission est de r\u00e9pondre \u00e0 cet appel proph\u00e9tique de J\u00e9sus-Christ: annoncer la Bonne Nouvelle du Royaume \u00e0 toutes les nations. Nous croyons que l\u2019\u00c9vangile n\u2019est pas [&hellip;]<\/p>\n","protected":false},"author":1,"featured_media":0,"parent":0,"menu_order":0,"comment_status":"closed","ping_status":"closed","template":"","meta":{"jetpack_post_was_ever_published":false,"footnotes":""},"class_list":["post-172","page","type-page","status-publish","hentry"],"yoast_head":"<!-- This site is optimized with the Yoast SEO plugin v27.4 - https:\/\/yoast.com\/product\/yoast-seo-wordpress\/ -->\n<title>MINIST\u00c8RE EVANGILE DU ROYAUME - JBLUCIEN<\/title>\n<meta name=\"robots\" content=\"index, follow, max-snippet:-1, max-image-preview:large, max-video-preview:-1\" \/>\n<link rel=\"canonical\" href=\"https:\/\/Jblucien.com\/?page_id=172\" \/>\n<meta property=\"og:locale\" content=\"fr_FR\" \/>\n<meta property=\"og:type\" content=\"article\" \/>\n<meta property=\"og:title\" content=\"MINIST\u00c8RE EVANGILE DU ROYAUME - JBLUCIEN\" \/>\n<meta property=\"og:description\" content=\"Notre Mission selon Matthieu 24:14! Cette bonne nouvelle du royaume sera pr\u00each\u00e9e dans le monde entier pour servir de t\u00e9moignage \u00e0 toutes les nations. Alors viendra la fin. Notre mission est de r\u00e9pondre \u00e0 cet appel proph\u00e9tique de J\u00e9sus-Christ: annoncer la Bonne Nouvelle du Royaume \u00e0 toutes les nations. Nous croyons que l\u2019\u00c9vangile n\u2019est pas [&hellip;]\" \/>\n<meta property=\"og:url\" content=\"https:\/\/Jblucien.com\/?page_id=172\" \/>\n<meta property=\"og:site_name\" content=\"JBLUCIEN\" \/>\n<meta property=\"article:modified_time\" content=\"2025-08-17T07:19:21+00:00\" \/>\n<meta name=\"twitter:card\" content=\"summary_large_image\" \/>\n<meta name=\"twitter:label1\" content=\"Dur\u00e9e de lecture estim\u00e9e\" \/>\n\t<meta name=\"twitter:data1\" content=\"1 minute\" \/>\n<script type=\"application\/ld+json\" class=\"yoast-schema-graph\">{\"@context\":\"https:\\\/\\\/schema.org\",\"@graph\":[{\"@type\":\"WebPage\",\"@id\":\"https:\\\/\\\/Jblucien.com\\\/?page_id=172\",\"url\":\"https:\\\/\\\/Jblucien.com\\\/?page_id=172\",\"name\":\"MINIST\u00c8RE EVANGILE DU ROYAUME - JBLUCIEN\",\"isPartOf\":{\"@id\":\"https:\\\/\\\/Jblucien.com\\\/#website\"},\"datePublished\":\"2025-08-17T07:14:08+00:00\",\"dateModified\":\"2025-08-17T07:19:21+00:00\",\"breadcrumb\":{\"@id\":\"https:\\\/\\\/Jblucien.com\\\/?page_id=172#breadcrumb\"},\"inLanguage\":\"fr-FR\",\"potentialAction\":[{\"@type\":\"ReadAction\",\"target\":[\"https:\\\/\\\/Jblucien.com\\\/?page_id=172\"]}]},{\"@type\":\"BreadcrumbList\",\"@id\":\"https:\\\/\\\/Jblucien.com\\\/?page_id=172#breadcrumb\",\"itemListElement\":[{\"@type\":\"ListItem\",\"position\":1,\"name\":\"Home\",\"item\":\"https:\\\/\\\/Jblucien.com\\\/\"},{\"@type\":\"ListItem\",\"position\":2,\"name\":\"MINIST\u00c8RE EVANGILE DU ROYAUME\"}]},{\"@type\":\"WebSite\",\"@id\":\"https:\\\/\\\/Jblucien.com\\\/#website\",\"url\":\"https:\\\/\\\/Jblucien.com\\\/\",\"name\":\"JBLUCIEN\",\"description\":\"Jblucien\",\"publisher\":{\"@id\":\"https:\\\/\\\/Jblucien.com\\\/#organization\"},\"potentialAction\":[{\"@type\":\"SearchAction\",\"target\":{\"@type\":\"EntryPoint\",\"urlTemplate\":\"https:\\\/\\\/Jblucien.com\\\/?s={search_term_string}\"},\"query-input\":{\"@type\":\"PropertyValueSpecification\",\"valueRequired\":true,\"valueName\":\"search_term_string\"}}],\"inLanguage\":\"fr-FR\"},{\"@type\":\"Organization\",\"@id\":\"https:\\\/\\\/Jblucien.com\\\/#organization\",\"name\":\"JBLUCIEN\",\"url\":\"https:\\\/\\\/Jblucien.com\\\/\",\"logo\":{\"@type\":\"ImageObject\",\"inLanguage\":\"fr-FR\",\"@id\":\"https:\\\/\\\/Jblucien.com\\\/#\\\/schema\\\/logo\\\/image\\\/\",\"url\":\"https:\\\/\\\/jblucien.com\\\/wp-content\\\/uploads\\\/2025\\\/07\\\/1000208488.jpg\",\"contentUrl\":\"https:\\\/\\\/jblucien.com\\\/wp-content\\\/uploads\\\/2025\\\/07\\\/1000208488.jpg\",\"width\":500,\"height\":500,\"caption\":\"JBLUCIEN \"},\"image\":{\"@id\":\"https:\\\/\\\/Jblucien.com\\\/#\\\/schema\\\/logo\\\/image\\\/\"}}]}<\/script>\n<!-- \/ Yoast SEO plugin. -->","yoast_head_json":{"title":"MINIST\u00c8RE EVANGILE DU ROYAUME - JBLUCIEN","robots":{"index":"index","follow":"follow","max-snippet":"max-snippet:-1","max-image-preview":"max-image-preview:large","max-video-preview":"max-video-preview:-1"},"canonical":"https:\/\/Jblucien.com\/?page_id=172","og_locale":"fr_FR","og_type":"article","og_title":"MINIST\u00c8RE EVANGILE DU ROYAUME - JBLUCIEN","og_description":"Notre Mission selon Matthieu 24:14! Cette bonne nouvelle du royaume sera pr\u00each\u00e9e dans le monde entier pour servir de t\u00e9moignage \u00e0 toutes les nations. Alors viendra la fin. Notre mission est de r\u00e9pondre \u00e0 cet appel proph\u00e9tique de J\u00e9sus-Christ: annoncer la Bonne Nouvelle du Royaume \u00e0 toutes les nations. Nous croyons que l\u2019\u00c9vangile n\u2019est pas [&hellip;]","og_url":"https:\/\/Jblucien.com\/?page_id=172","og_site_name":"JBLUCIEN","article_modified_time":"2025-08-17T07:19:21+00:00","twitter_card":"summary_large_image","twitter_misc":{"Dur\u00e9e de lecture estim\u00e9e":"1 minute"},"schema":{"@context":"https:\/\/schema.org","@graph":[{"@type":"WebPage","@id":"https:\/\/Jblucien.com\/?page_id=172","url":"https:\/\/Jblucien.com\/?page_id=172","name":"MINIST\u00c8RE EVANGILE DU ROYAUME - JBLUCIEN","isPartOf":{"@id":"https:\/\/Jblucien.com\/#website"},"datePublished":"2025-08-17T07:14:08+00:00","dateModified":"2025-08-17T07:19:21+00:00","breadcrumb":{"@id":"https:\/\/Jblucien.com\/?page_id=172#breadcrumb"},"inLanguage":"fr-FR","potentialAction":[{"@type":"ReadAction","target":["https:\/\/Jblucien.com\/?page_id=172"]}]},{"@type":"BreadcrumbList","@id":"https:\/\/Jblucien.com\/?page_id=172#breadcrumb","itemListElement":[{"@type":"ListItem","position":1,"name":"Home","item":"https:\/\/Jblucien.com\/"},{"@type":"ListItem","position":2,"name":"MINIST\u00c8RE EVANGILE DU ROYAUME"}]},{"@type":"WebSite","@id":"https:\/\/Jblucien.com\/#website","url":"https:\/\/Jblucien.com\/","name":"JBLUCIEN","description":"Jblucien","publisher":{"@id":"https:\/\/Jblucien.com\/#organization"},"potentialAction":[{"@type":"SearchAction","target":{"@type":"EntryPoint","urlTemplate":"https:\/\/Jblucien.com\/?s={search_term_string}"},"query-input":{"@type":"PropertyValueSpecification","valueRequired":true,"valueName":"search_term_string"}}],"inLanguage":"fr-FR"},{"@type":"Organization","@id":"https:\/\/Jblucien.com\/#organization","name":"JBLUCIEN","url":"https:\/\/Jblucien.com\/","logo":{"@type":"ImageObject","inLanguage":"fr-FR","@id":"https:\/\/Jblucien.com\/#\/schema\/logo\/image\/","url":"https:\/\/jblucien.com\/wp-content\/uploads\/2025\/07\/1000208488.jpg","contentUrl":"https:\/\/jblucien.com\/wp-content\/uploads\/2025\/07\/1000208488.jpg","width":500,"height":500,"caption":"JBLUCIEN "},"image":{"@id":"https:\/\/Jblucien.com\/#\/schema\/logo\/image\/"}}]}},"jetpack_shortlink":"https:\/\/wp.me\/PgHGlg-2M","jetpack_sharing_enabled":true,"jetpack_likes_enabled":true,"jetpack-related-posts":[],"brizy_media":[],"_links":{"self":[{"href":"https:\/\/Jblucien.com\/index.php?rest_route=\/wp\/v2\/pages\/172","targetHints":{"allow":["GET"]}}],"collection":[{"href":"https:\/\/Jblucien.com\/index.php?rest_route=\/wp\/v2\/pages"}],"about":[{"href":"https:\/\/Jblucien.com\/index.php?rest_route=\/wp\/v2\/types\/page"}],"author":[{"embeddable":true,"href":"https:\/\/Jblucien.com\/index.php?rest_route=\/wp\/v2\/users\/1"}],"replies":[{"embeddable":true,"href":"https:\/\/Jblucien.com\/index.php?rest_route=%2Fwp%2Fv2%2Fcomments&post=172"}],"version-history":[{"count":1,"href":"https:\/\/Jblucien.com\/index.php?rest_route=\/wp\/v2\/pages\/172\/revisions"}],"predecessor-version":[{"id":173,"href":"https:\/\/Jblucien.com\/index.php?rest_route=\/wp\/v2\/pages\/172\/revisions\/173"}],"wp:attachment":[{"href":"https:\/\/Jblucien.com\/index.php?rest_route=%2Fwp%2Fv2%2Fmedia&parent=172"}],"curies":[{"name":"wp","href":"https:\/\/api.w.org\/{rel}","templated":true}]}}