{"id":117,"date":"2025-07-30T19:25:39","date_gmt":"2025-07-30T23:25:39","guid":{"rendered":"https:\/\/Jblucien.com\/?page_id=117"},"modified":"2025-10-18T13:16:30","modified_gmt":"2025-10-18T17:16:30","slug":"notre-archives","status":"publish","type":"page","link":"https:\/\/Jblucien.com\/?page_id=117","title":{"rendered":"GALERIE"},"content":{"rendered":"\n<figure class=\"wp-block-gallery has-nested-images columns-default is-cropped wp-block-gallery-1 is-layout-flex wp-block-gallery-is-layout-flex\">\n<figure class=\"wp-block-image\"><img data-recalc-dims=\"1\" loading=\"lazy\" decoding=\"async\" width=\"768\" height=\"1024\" data-id=\"115\" src=\"https:\/\/i0.wp.com\/jblucien.com\/wp-content\/uploads\/2025\/07\/img_12673768102817682189438.jpg?resize=768%2C1024&#038;ssl=1\" alt=\"\" class=\"wp-image-115\" srcset=\"https:\/\/i0.wp.com\/jblucien.com\/wp-content\/uploads\/2025\/07\/img_12673768102817682189438-scaled.jpg?resize=768%2C1024&amp;ssl=1 768w, https:\/\/i0.wp.com\/jblucien.com\/wp-content\/uploads\/2025\/07\/img_12673768102817682189438-scaled.jpg?resize=225%2C300&amp;ssl=1 225w, https:\/\/i0.wp.com\/jblucien.com\/wp-content\/uploads\/2025\/07\/img_12673768102817682189438-scaled.jpg?resize=1152%2C1536&amp;ssl=1 1152w, https:\/\/i0.wp.com\/jblucien.com\/wp-content\/uploads\/2025\/07\/img_12673768102817682189438-scaled.jpg?resize=1536%2C2048&amp;ssl=1 1536w, https:\/\/i0.wp.com\/jblucien.com\/wp-content\/uploads\/2025\/07\/img_12673768102817682189438-scaled.jpg?resize=9%2C12&amp;ssl=1 9w, https:\/\/i0.wp.com\/jblucien.com\/wp-content\/uploads\/2025\/07\/img_12673768102817682189438-scaled.jpg?resize=600%2C800&amp;ssl=1 600w, https:\/\/i0.wp.com\/jblucien.com\/wp-content\/uploads\/2025\/07\/img_12673768102817682189438-scaled.jpg?w=1920&amp;ssl=1 1920w\" sizes=\"auto, (max-width: 768px) 100vw, 768px\" \/><\/figure>\n\n\n\n<figure class=\"wp-block-image\"><img data-recalc-dims=\"1\" loading=\"lazy\" decoding=\"async\" width=\"1024\" height=\"768\" data-id=\"113\" src=\"https:\/\/i0.wp.com\/jblucien.com\/wp-content\/uploads\/2025\/07\/img_11085349368330283686755.jpg?resize=1024%2C768&#038;ssl=1\" alt=\"\" class=\"wp-image-113\" srcset=\"https:\/\/i0.wp.com\/jblucien.com\/wp-content\/uploads\/2025\/07\/img_11085349368330283686755.jpg?resize=1024%2C768&amp;ssl=1 1024w, https:\/\/i0.wp.com\/jblucien.com\/wp-content\/uploads\/2025\/07\/img_11085349368330283686755.jpg?resize=300%2C225&amp;ssl=1 300w, https:\/\/i0.wp.com\/jblucien.com\/wp-content\/uploads\/2025\/07\/img_11085349368330283686755.jpg?resize=768%2C576&amp;ssl=1 768w, https:\/\/i0.wp.com\/jblucien.com\/wp-content\/uploads\/2025\/07\/img_11085349368330283686755.jpg?resize=1536%2C1152&amp;ssl=1 1536w, https:\/\/i0.wp.com\/jblucien.com\/wp-content\/uploads\/2025\/07\/img_11085349368330283686755.jpg?resize=16%2C12&amp;ssl=1 16w, https:\/\/i0.wp.com\/jblucien.com\/wp-content\/uploads\/2025\/07\/img_11085349368330283686755.jpg?resize=600%2C450&amp;ssl=1 600w, https:\/\/i0.wp.com\/jblucien.com\/wp-content\/uploads\/2025\/07\/img_11085349368330283686755.jpg?w=2000&amp;ssl=1 2000w\" sizes=\"auto, (max-width: 1000px) 100vw, 1000px\" \/><\/figure>\n\n\n\n<figure class=\"wp-block-image\"><img data-recalc-dims=\"1\" loading=\"lazy\" decoding=\"async\" width=\"576\" height=\"1024\" data-id=\"112\" src=\"https:\/\/i0.wp.com\/jblucien.com\/wp-content\/uploads\/2025\/07\/img-20250730-wa00038252688673793911634.jpg?resize=576%2C1024&#038;ssl=1\" alt=\"\" class=\"wp-image-112\" srcset=\"https:\/\/i0.wp.com\/jblucien.com\/wp-content\/uploads\/2025\/07\/img-20250730-wa00038252688673793911634.jpg?resize=576%2C1024&amp;ssl=1 576w, https:\/\/i0.wp.com\/jblucien.com\/wp-content\/uploads\/2025\/07\/img-20250730-wa00038252688673793911634.jpg?resize=169%2C300&amp;ssl=1 169w, https:\/\/i0.wp.com\/jblucien.com\/wp-content\/uploads\/2025\/07\/img-20250730-wa00038252688673793911634.jpg?resize=7%2C12&amp;ssl=1 7w, https:\/\/i0.wp.com\/jblucien.com\/wp-content\/uploads\/2025\/07\/img-20250730-wa00038252688673793911634.jpg?resize=600%2C1067&amp;ssl=1 600w, https:\/\/i0.wp.com\/jblucien.com\/wp-content\/uploads\/2025\/07\/img-20250730-wa00038252688673793911634.jpg?w=720&amp;ssl=1 720w\" sizes=\"auto, (max-width: 576px) 100vw, 576px\" \/><\/figure>\n\n\n\n<figure class=\"wp-block-image\"><img data-recalc-dims=\"1\" loading=\"lazy\" decoding=\"async\" width=\"768\" height=\"1024\" data-id=\"116\" src=\"https:\/\/i0.wp.com\/jblucien.com\/wp-content\/uploads\/2025\/07\/20250727_111846315268413576368684.jpg?resize=768%2C1024&#038;ssl=1\" alt=\"\" class=\"wp-image-116\" srcset=\"https:\/\/i0.wp.com\/jblucien.com\/wp-content\/uploads\/2025\/07\/20250727_111846315268413576368684.jpg?resize=768%2C1024&amp;ssl=1 768w, https:\/\/i0.wp.com\/jblucien.com\/wp-content\/uploads\/2025\/07\/20250727_111846315268413576368684.jpg?resize=225%2C300&amp;ssl=1 225w, https:\/\/i0.wp.com\/jblucien.com\/wp-content\/uploads\/2025\/07\/20250727_111846315268413576368684.jpg?resize=1152%2C1536&amp;ssl=1 1152w, https:\/\/i0.wp.com\/jblucien.com\/wp-content\/uploads\/2025\/07\/20250727_111846315268413576368684.jpg?resize=9%2C12&amp;ssl=1 9w, https:\/\/i0.wp.com\/jblucien.com\/wp-content\/uploads\/2025\/07\/20250727_111846315268413576368684.jpg?resize=600%2C800&amp;ssl=1 600w, https:\/\/i0.wp.com\/jblucien.com\/wp-content\/uploads\/2025\/07\/20250727_111846315268413576368684.jpg?w=1500&amp;ssl=1 1500w\" sizes=\"auto, (max-width: 768px) 100vw, 768px\" \/><\/figure>\n\n\n\n<figure class=\"wp-block-image\"><img data-recalc-dims=\"1\" loading=\"lazy\" decoding=\"async\" width=\"576\" height=\"1024\" data-id=\"114\" src=\"https:\/\/i0.wp.com\/jblucien.com\/wp-content\/uploads\/2025\/07\/fondodepantallaparatelC3A9fonofrasemotivacionalacuarelaazul_20250726_025558_00001264374714056962636.jpg?resize=576%2C1024&#038;ssl=1\" alt=\"\" class=\"wp-image-114\" srcset=\"https:\/\/i0.wp.com\/jblucien.com\/wp-content\/uploads\/2025\/07\/fondodepantallaparatelC3A9fonofrasemotivacionalacuarelaazul_20250726_025558_00001264374714056962636.jpg?resize=576%2C1024&amp;ssl=1 576w, https:\/\/i0.wp.com\/jblucien.com\/wp-content\/uploads\/2025\/07\/fondodepantallaparatelC3A9fonofrasemotivacionalacuarelaazul_20250726_025558_00001264374714056962636.jpg?resize=169%2C300&amp;ssl=1 169w, https:\/\/i0.wp.com\/jblucien.com\/wp-content\/uploads\/2025\/07\/fondodepantallaparatelC3A9fonofrasemotivacionalacuarelaazul_20250726_025558_00001264374714056962636.jpg?resize=768%2C1365&amp;ssl=1 768w, https:\/\/i0.wp.com\/jblucien.com\/wp-content\/uploads\/2025\/07\/fondodepantallaparatelC3A9fonofrasemotivacionalacuarelaazul_20250726_025558_00001264374714056962636.jpg?resize=864%2C1536&amp;ssl=1 864w, https:\/\/i0.wp.com\/jblucien.com\/wp-content\/uploads\/2025\/07\/fondodepantallaparatelC3A9fonofrasemotivacionalacuarelaazul_20250726_025558_00001264374714056962636.jpg?resize=7%2C12&amp;ssl=1 7w, https:\/\/i0.wp.com\/jblucien.com\/wp-content\/uploads\/2025\/07\/fondodepantallaparatelC3A9fonofrasemotivacionalacuarelaazul_20250726_025558_00001264374714056962636.jpg?resize=600%2C1067&amp;ssl=1 600w, https:\/\/i0.wp.com\/jblucien.com\/wp-content\/uploads\/2025\/07\/fondodepantallaparatelC3A9fonofrasemotivacionalacuarelaazul_20250726_025558_00001264374714056962636.jpg?w=1080&amp;ssl=1 1080w\" sizes=\"auto, (max-width: 576px) 100vw, 576px\" \/><\/figure>\n\n\n\n<figure class=\"wp-block-image\"><img data-recalc-dims=\"1\" loading=\"lazy\" decoding=\"async\" width=\"819\" height=\"1024\" data-id=\"141\" src=\"https:\/\/i0.wp.com\/jblucien.com\/wp-content\/uploads\/2025\/08\/postinstagraminvitaciC3B3nareuniC3B3ndehombrescristianosiglesiasycultos_20250814_005830_00001048180175888405181.jpg?resize=819%2C1024&#038;ssl=1\" alt=\"\" class=\"wp-image-141\" srcset=\"https:\/\/i0.wp.com\/jblucien.com\/wp-content\/uploads\/2025\/08\/postinstagraminvitaciC3B3nareuniC3B3ndehombrescristianosiglesiasycultos_20250814_005830_00001048180175888405181.jpg?resize=819%2C1024&amp;ssl=1 819w, https:\/\/i0.wp.com\/jblucien.com\/wp-content\/uploads\/2025\/08\/postinstagraminvitaciC3B3nareuniC3B3ndehombrescristianosiglesiasycultos_20250814_005830_00001048180175888405181.jpg?resize=240%2C300&amp;ssl=1 240w, https:\/\/i0.wp.com\/jblucien.com\/wp-content\/uploads\/2025\/08\/postinstagraminvitaciC3B3nareuniC3B3ndehombrescristianosiglesiasycultos_20250814_005830_00001048180175888405181.jpg?resize=768%2C960&amp;ssl=1 768w, https:\/\/i0.wp.com\/jblucien.com\/wp-content\/uploads\/2025\/08\/postinstagraminvitaciC3B3nareuniC3B3ndehombrescristianosiglesiasycultos_20250814_005830_00001048180175888405181.jpg?resize=10%2C12&amp;ssl=1 10w, https:\/\/i0.wp.com\/jblucien.com\/wp-content\/uploads\/2025\/08\/postinstagraminvitaciC3B3nareuniC3B3ndehombrescristianosiglesiasycultos_20250814_005830_00001048180175888405181.jpg?resize=600%2C750&amp;ssl=1 600w, https:\/\/i0.wp.com\/jblucien.com\/wp-content\/uploads\/2025\/08\/postinstagraminvitaciC3B3nareuniC3B3ndehombrescristianosiglesiasycultos_20250814_005830_00001048180175888405181.jpg?w=1080&amp;ssl=1 1080w\" sizes=\"auto, (max-width: 819px) 100vw, 819px\" \/><\/figure>\n<\/figure>\n\n\n\n<figure class=\"wp-block-image size-large\"><img data-recalc-dims=\"1\" loading=\"lazy\" decoding=\"async\" width=\"768\" height=\"1024\" src=\"https:\/\/i0.wp.com\/jblucien.com\/wp-content\/uploads\/2025\/08\/img_20190616_0932573425613349404240622.jpg?resize=768%2C1024&#038;ssl=1\" alt=\"\" class=\"wp-image-175\" srcset=\"https:\/\/i0.wp.com\/jblucien.com\/wp-content\/uploads\/2025\/08\/img_20190616_0932573425613349404240622.jpg?resize=768%2C1024&amp;ssl=1 768w, https:\/\/i0.wp.com\/jblucien.com\/wp-content\/uploads\/2025\/08\/img_20190616_0932573425613349404240622.jpg?resize=225%2C300&amp;ssl=1 225w, https:\/\/i0.wp.com\/jblucien.com\/wp-content\/uploads\/2025\/08\/img_20190616_0932573425613349404240622.jpg?resize=1152%2C1536&amp;ssl=1 1152w, https:\/\/i0.wp.com\/jblucien.com\/wp-content\/uploads\/2025\/08\/img_20190616_0932573425613349404240622.jpg?resize=9%2C12&amp;ssl=1 9w, https:\/\/i0.wp.com\/jblucien.com\/wp-content\/uploads\/2025\/08\/img_20190616_0932573425613349404240622.jpg?resize=600%2C800&amp;ssl=1 600w, https:\/\/i0.wp.com\/jblucien.com\/wp-content\/uploads\/2025\/08\/img_20190616_0932573425613349404240622.jpg?w=1500&amp;ssl=1 1500w\" sizes=\"auto, (max-width: 768px) 100vw, 768px\" \/><figcaption class=\"wp-element-caption\">Josu\u00e9 24:15 Et si vous ne trouvez pas bon de servir l`\u00c9ternel, choisissez aujourd`hui qui vous voulez servir, ou les dieux que servaient vos p\u00e8res au del\u00e0 du fleuve, ou les dieux des Amor\u00e9ens dans le pays desquels vous habitez. Moi et ma maison, nous servirons l`\u00c9ternel.<\/figcaption><\/figure>\n\n\n\n<figure class=\"wp-block-image size-large\"><img data-recalc-dims=\"1\" loading=\"lazy\" decoding=\"async\" width=\"768\" height=\"1024\" src=\"https:\/\/i0.wp.com\/jblucien.com\/wp-content\/uploads\/2025\/08\/img_20190414_1230122727155262961939656.jpg?resize=768%2C1024&#038;ssl=1\" alt=\"\" class=\"wp-image-177\" srcset=\"https:\/\/i0.wp.com\/jblucien.com\/wp-content\/uploads\/2025\/08\/img_20190414_1230122727155262961939656.jpg?resize=768%2C1024&amp;ssl=1 768w, https:\/\/i0.wp.com\/jblucien.com\/wp-content\/uploads\/2025\/08\/img_20190414_1230122727155262961939656.jpg?resize=225%2C300&amp;ssl=1 225w, https:\/\/i0.wp.com\/jblucien.com\/wp-content\/uploads\/2025\/08\/img_20190414_1230122727155262961939656.jpg?resize=1152%2C1536&amp;ssl=1 1152w, https:\/\/i0.wp.com\/jblucien.com\/wp-content\/uploads\/2025\/08\/img_20190414_1230122727155262961939656.jpg?resize=9%2C12&amp;ssl=1 9w, https:\/\/i0.wp.com\/jblucien.com\/wp-content\/uploads\/2025\/08\/img_20190414_1230122727155262961939656.jpg?resize=600%2C800&amp;ssl=1 600w, https:\/\/i0.wp.com\/jblucien.com\/wp-content\/uploads\/2025\/08\/img_20190414_1230122727155262961939656.jpg?w=1500&amp;ssl=1 1500w\" sizes=\"auto, (max-width: 768px) 100vw, 768px\" \/><\/figure>\n\n\n\n<figure class=\"wp-block-image\"><img data-recalc-dims=\"1\" loading=\"lazy\" decoding=\"async\" width=\"768\" height=\"1024\" src=\"https:\/\/i0.wp.com\/jblucien.com\/wp-content\/uploads\/2025\/08\/img_20190414_1228049057922019849007359.jpg?resize=768%2C1024&#038;ssl=1\" alt=\"\" class=\"wp-image-179\" srcset=\"https:\/\/i0.wp.com\/jblucien.com\/wp-content\/uploads\/2025\/08\/img_20190414_1228049057922019849007359.jpg?resize=768%2C1024&amp;ssl=1 768w, https:\/\/i0.wp.com\/jblucien.com\/wp-content\/uploads\/2025\/08\/img_20190414_1228049057922019849007359.jpg?resize=225%2C300&amp;ssl=1 225w, https:\/\/i0.wp.com\/jblucien.com\/wp-content\/uploads\/2025\/08\/img_20190414_1228049057922019849007359.jpg?resize=1152%2C1536&amp;ssl=1 1152w, https:\/\/i0.wp.com\/jblucien.com\/wp-content\/uploads\/2025\/08\/img_20190414_1228049057922019849007359.jpg?resize=9%2C12&amp;ssl=1 9w, https:\/\/i0.wp.com\/jblucien.com\/wp-content\/uploads\/2025\/08\/img_20190414_1228049057922019849007359.jpg?resize=600%2C800&amp;ssl=1 600w, https:\/\/i0.wp.com\/jblucien.com\/wp-content\/uploads\/2025\/08\/img_20190414_1228049057922019849007359.jpg?w=1500&amp;ssl=1 1500w\" sizes=\"auto, (max-width: 768px) 100vw, 768px\" \/><\/figure>\n\n\n\n<figure class=\"wp-block-image\"><img data-recalc-dims=\"1\" loading=\"lazy\" decoding=\"async\" width=\"1024\" height=\"768\" src=\"https:\/\/i0.wp.com\/jblucien.com\/wp-content\/uploads\/2025\/08\/img_20190324_102237471108875980027955.jpg?resize=1024%2C768&#038;ssl=1\" alt=\"\" class=\"wp-image-178\" srcset=\"https:\/\/i0.wp.com\/jblucien.com\/wp-content\/uploads\/2025\/08\/img_20190324_102237471108875980027955.jpg?resize=1024%2C768&amp;ssl=1 1024w, https:\/\/i0.wp.com\/jblucien.com\/wp-content\/uploads\/2025\/08\/img_20190324_102237471108875980027955.jpg?resize=300%2C225&amp;ssl=1 300w, https:\/\/i0.wp.com\/jblucien.com\/wp-content\/uploads\/2025\/08\/img_20190324_102237471108875980027955.jpg?resize=768%2C576&amp;ssl=1 768w, https:\/\/i0.wp.com\/jblucien.com\/wp-content\/uploads\/2025\/08\/img_20190324_102237471108875980027955.jpg?resize=1536%2C1152&amp;ssl=1 1536w, https:\/\/i0.wp.com\/jblucien.com\/wp-content\/uploads\/2025\/08\/img_20190324_102237471108875980027955.jpg?resize=16%2C12&amp;ssl=1 16w, https:\/\/i0.wp.com\/jblucien.com\/wp-content\/uploads\/2025\/08\/img_20190324_102237471108875980027955.jpg?resize=600%2C450&amp;ssl=1 600w, https:\/\/i0.wp.com\/jblucien.com\/wp-content\/uploads\/2025\/08\/img_20190324_102237471108875980027955.jpg?w=2000&amp;ssl=1 2000w\" sizes=\"auto, (max-width: 1000px) 100vw, 1000px\" \/><\/figure>\n\n\n\n<figure class=\"wp-block-image\"><img data-recalc-dims=\"1\" loading=\"lazy\" decoding=\"async\" width=\"768\" height=\"1024\" src=\"https:\/\/i0.wp.com\/jblucien.com\/wp-content\/uploads\/2025\/08\/img_20190324_1104458538388023926420978.jpg?resize=768%2C1024&#038;ssl=1\" alt=\"\" class=\"wp-image-180\" srcset=\"https:\/\/i0.wp.com\/jblucien.com\/wp-content\/uploads\/2025\/08\/img_20190324_1104458538388023926420978.jpg?resize=768%2C1024&amp;ssl=1 768w, https:\/\/i0.wp.com\/jblucien.com\/wp-content\/uploads\/2025\/08\/img_20190324_1104458538388023926420978.jpg?resize=225%2C300&amp;ssl=1 225w, https:\/\/i0.wp.com\/jblucien.com\/wp-content\/uploads\/2025\/08\/img_20190324_1104458538388023926420978.jpg?resize=1152%2C1536&amp;ssl=1 1152w, https:\/\/i0.wp.com\/jblucien.com\/wp-content\/uploads\/2025\/08\/img_20190324_1104458538388023926420978.jpg?resize=9%2C12&amp;ssl=1 9w, https:\/\/i0.wp.com\/jblucien.com\/wp-content\/uploads\/2025\/08\/img_20190324_1104458538388023926420978.jpg?resize=600%2C800&amp;ssl=1 600w, https:\/\/i0.wp.com\/jblucien.com\/wp-content\/uploads\/2025\/08\/img_20190324_1104458538388023926420978.jpg?w=1500&amp;ssl=1 1500w\" sizes=\"auto, (max-width: 768px) 100vw, 768px\" \/><figcaption class=\"wp-element-caption\">2018! Car, si je suis absent de corps, je suis avec vous en esprit, voyant avec joie le bon ordre qui r\u00e8gne parmi vous, et la fermet\u00e9 de votre foi en Christ. (Colossiens 2: 5)<\/figcaption><\/figure>\n","protected":false},"excerpt":{"rendered":"","protected":false},"author":1,"featured_media":0,"parent":0,"menu_order":0,"comment_status":"closed","ping_status":"closed","template":"","meta":{"jetpack_post_was_ever_published":false,"footnotes":""},"class_list":["post-117","page","type-page","status-publish","hentry"],"yoast_head":"<!-- This site is optimized with the Yoast SEO plugin v27.4 - https:\/\/yoast.com\/product\/yoast-seo-wordpress\/ -->\n<title>GALERIE - JBLUCIEN<\/title>\n<meta name=\"robots\" content=\"index, follow, max-snippet:-1, max-image-preview:large, max-video-preview:-1\" \/>\n<link rel=\"canonical\" href=\"https:\/\/Jblucien.com\/?page_id=117\" \/>\n<meta property=\"og:locale\" content=\"fr_FR\" \/>\n<meta property=\"og:type\" content=\"article\" \/>\n<meta property=\"og:title\" content=\"GALERIE - JBLUCIEN\" \/>\n<meta property=\"og:url\" content=\"https:\/\/Jblucien.com\/?page_id=117\" \/>\n<meta property=\"og:site_name\" content=\"JBLUCIEN\" \/>\n<meta property=\"article:modified_time\" content=\"2025-10-18T17:16:30+00:00\" \/>\n<meta property=\"og:image\" content=\"https:\/\/jblucien.com\/wp-content\/uploads\/2025\/07\/img_12673768102817682189438-768x1024.jpg\" \/>\n<meta name=\"twitter:card\" content=\"summary_large_image\" \/>\n<script type=\"application\/ld+json\" class=\"yoast-schema-graph\">{\"@context\":\"https:\\\/\\\/schema.org\",\"@graph\":[{\"@type\":\"WebPage\",\"@id\":\"https:\\\/\\\/Jblucien.com\\\/?page_id=117\",\"url\":\"https:\\\/\\\/Jblucien.com\\\/?page_id=117\",\"name\":\"GALERIE - JBLUCIEN\",\"isPartOf\":{\"@id\":\"https:\\\/\\\/Jblucien.com\\\/#website\"},\"primaryImageOfPage\":{\"@id\":\"https:\\\/\\\/Jblucien.com\\\/?page_id=117#primaryimage\"},\"image\":{\"@id\":\"https:\\\/\\\/Jblucien.com\\\/?page_id=117#primaryimage\"},\"thumbnailUrl\":\"https:\\\/\\\/jblucien.com\\\/wp-content\\\/uploads\\\/2025\\\/07\\\/img_12673768102817682189438-768x1024.jpg\",\"datePublished\":\"2025-07-30T23:25:39+00:00\",\"dateModified\":\"2025-10-18T17:16:30+00:00\",\"breadcrumb\":{\"@id\":\"https:\\\/\\\/Jblucien.com\\\/?page_id=117#breadcrumb\"},\"inLanguage\":\"fr-FR\",\"potentialAction\":[{\"@type\":\"ReadAction\",\"target\":[\"https:\\\/\\\/Jblucien.com\\\/?page_id=117\"]}]},{\"@type\":\"ImageObject\",\"inLanguage\":\"fr-FR\",\"@id\":\"https:\\\/\\\/Jblucien.com\\\/?page_id=117#primaryimage\",\"url\":\"https:\\\/\\\/jblucien.com\\\/wp-content\\\/uploads\\\/2025\\\/07\\\/img_12673768102817682189438-768x1024.jpg\",\"contentUrl\":\"https:\\\/\\\/jblucien.com\\\/wp-content\\\/uploads\\\/2025\\\/07\\\/img_12673768102817682189438-768x1024.jpg\"},{\"@type\":\"BreadcrumbList\",\"@id\":\"https:\\\/\\\/Jblucien.com\\\/?page_id=117#breadcrumb\",\"itemListElement\":[{\"@type\":\"ListItem\",\"position\":1,\"name\":\"Home\",\"item\":\"https:\\\/\\\/Jblucien.com\\\/\"},{\"@type\":\"ListItem\",\"position\":2,\"name\":\"GALERIE\"}]},{\"@type\":\"WebSite\",\"@id\":\"https:\\\/\\\/Jblucien.com\\\/#website\",\"url\":\"https:\\\/\\\/Jblucien.com\\\/\",\"name\":\"JBLUCIEN\",\"description\":\"Jblucien\",\"publisher\":{\"@id\":\"https:\\\/\\\/Jblucien.com\\\/#organization\"},\"potentialAction\":[{\"@type\":\"SearchAction\",\"target\":{\"@type\":\"EntryPoint\",\"urlTemplate\":\"https:\\\/\\\/Jblucien.com\\\/?s={search_term_string}\"},\"query-input\":{\"@type\":\"PropertyValueSpecification\",\"valueRequired\":true,\"valueName\":\"search_term_string\"}}],\"inLanguage\":\"fr-FR\"},{\"@type\":\"Organization\",\"@id\":\"https:\\\/\\\/Jblucien.com\\\/#organization\",\"name\":\"JBLUCIEN\",\"url\":\"https:\\\/\\\/Jblucien.com\\\/\",\"logo\":{\"@type\":\"ImageObject\",\"inLanguage\":\"fr-FR\",\"@id\":\"https:\\\/\\\/Jblucien.com\\\/#\\\/schema\\\/logo\\\/image\\\/\",\"url\":\"https:\\\/\\\/jblucien.com\\\/wp-content\\\/uploads\\\/2025\\\/07\\\/1000208488.jpg\",\"contentUrl\":\"https:\\\/\\\/jblucien.com\\\/wp-content\\\/uploads\\\/2025\\\/07\\\/1000208488.jpg\",\"width\":500,\"height\":500,\"caption\":\"JBLUCIEN \"},\"image\":{\"@id\":\"https:\\\/\\\/Jblucien.com\\\/#\\\/schema\\\/logo\\\/image\\\/\"}}]}<\/script>\n<!-- \/ Yoast SEO plugin. -->","yoast_head_json":{"title":"GALERIE - JBLUCIEN","robots":{"index":"index","follow":"follow","max-snippet":"max-snippet:-1","max-image-preview":"max-image-preview:large","max-video-preview":"max-video-preview:-1"},"canonical":"https:\/\/Jblucien.com\/?page_id=117","og_locale":"fr_FR","og_type":"article","og_title":"GALERIE - JBLUCIEN","og_url":"https:\/\/Jblucien.com\/?page_id=117","og_site_name":"JBLUCIEN","article_modified_time":"2025-10-18T17:16:30+00:00","og_image":[{"url":"https:\/\/jblucien.com\/wp-content\/uploads\/2025\/07\/img_12673768102817682189438-768x1024.jpg","type":"","width":"","height":""}],"twitter_card":"summary_large_image","schema":{"@context":"https:\/\/schema.org","@graph":[{"@type":"WebPage","@id":"https:\/\/Jblucien.com\/?page_id=117","url":"https:\/\/Jblucien.com\/?page_id=117","name":"GALERIE - JBLUCIEN","isPartOf":{"@id":"https:\/\/Jblucien.com\/#website"},"primaryImageOfPage":{"@id":"https:\/\/Jblucien.com\/?page_id=117#primaryimage"},"image":{"@id":"https:\/\/Jblucien.com\/?page_id=117#primaryimage"},"thumbnailUrl":"https:\/\/jblucien.com\/wp-content\/uploads\/2025\/07\/img_12673768102817682189438-768x1024.jpg","datePublished":"2025-07-30T23:25:39+00:00","dateModified":"2025-10-18T17:16:30+00:00","breadcrumb":{"@id":"https:\/\/Jblucien.com\/?page_id=117#breadcrumb"},"inLanguage":"fr-FR","potentialAction":[{"@type":"ReadAction","target":["https:\/\/Jblucien.com\/?page_id=117"]}]},{"@type":"ImageObject","inLanguage":"fr-FR","@id":"https:\/\/Jblucien.com\/?page_id=117#primaryimage","url":"https:\/\/jblucien.com\/wp-content\/uploads\/2025\/07\/img_12673768102817682189438-768x1024.jpg","contentUrl":"https:\/\/jblucien.com\/wp-content\/uploads\/2025\/07\/img_12673768102817682189438-768x1024.jpg"},{"@type":"BreadcrumbList","@id":"https:\/\/Jblucien.com\/?page_id=117#breadcrumb","itemListElement":[{"@type":"ListItem","position":1,"name":"Home","item":"https:\/\/Jblucien.com\/"},{"@type":"ListItem","position":2,"name":"GALERIE"}]},{"@type":"WebSite","@id":"https:\/\/Jblucien.com\/#website","url":"https:\/\/Jblucien.com\/","name":"JBLUCIEN","description":"Jblucien","publisher":{"@id":"https:\/\/Jblucien.com\/#organization"},"potentialAction":[{"@type":"SearchAction","target":{"@type":"EntryPoint","urlTemplate":"https:\/\/Jblucien.com\/?s={search_term_string}"},"query-input":{"@type":"PropertyValueSpecification","valueRequired":true,"valueName":"search_term_string"}}],"inLanguage":"fr-FR"},{"@type":"Organization","@id":"https:\/\/Jblucien.com\/#organization","name":"JBLUCIEN","url":"https:\/\/Jblucien.com\/","logo":{"@type":"ImageObject","inLanguage":"fr-FR","@id":"https:\/\/Jblucien.com\/#\/schema\/logo\/image\/","url":"https:\/\/jblucien.com\/wp-content\/uploads\/2025\/07\/1000208488.jpg","contentUrl":"https:\/\/jblucien.com\/wp-content\/uploads\/2025\/07\/1000208488.jpg","width":500,"height":500,"caption":"JBLUCIEN "},"image":{"@id":"https:\/\/Jblucien.com\/#\/schema\/logo\/image\/"}}]}},"jetpack_shortlink":"https:\/\/wp.me\/PgHGlg-1T","jetpack_sharing_enabled":true,"jetpack_likes_enabled":true,"jetpack-related-posts":[],"brizy_media":[],"_links":{"self":[{"href":"https:\/\/Jblucien.com\/index.php?rest_route=\/wp\/v2\/pages\/117","targetHints":{"allow":["GET"]}}],"collection":[{"href":"https:\/\/Jblucien.com\/index.php?rest_route=\/wp\/v2\/pages"}],"about":[{"href":"https:\/\/Jblucien.com\/index.php?rest_route=\/wp\/v2\/types\/page"}],"author":[{"embeddable":true,"href":"https:\/\/Jblucien.com\/index.php?rest_route=\/wp\/v2\/users\/1"}],"replies":[{"embeddable":true,"href":"https:\/\/Jblucien.com\/index.php?rest_route=%2Fwp%2Fv2%2Fcomments&post=117"}],"version-history":[{"count":5,"href":"https:\/\/Jblucien.com\/index.php?rest_route=\/wp\/v2\/pages\/117\/revisions"}],"predecessor-version":[{"id":181,"href":"https:\/\/Jblucien.com\/index.php?rest_route=\/wp\/v2\/pages\/117\/revisions\/181"}],"wp:attachment":[{"href":"https:\/\/Jblucien.com\/index.php?rest_route=%2Fwp%2Fv2%2Fmedia&parent=117"}],"curies":[{"name":"wp","href":"https:\/\/api.w.org\/{rel}","templated":true}]}}